{"id":41,"date":"2025-05-23T08:12:06","date_gmt":"2025-05-23T06:12:06","guid":{"rendered":"https:\/\/www.gynaekologie-golzheim.de\/?page_id=41"},"modified":"2026-03-27T15:33:22","modified_gmt":"2026-03-27T14:33:22","slug":"kontakt","status":"publish","type":"page","link":"https:\/\/www.gynaekologie-golzheim.de\/index.php\/kontakt\/","title":{"rendered":"Kontakt"},"content":{"rendered":"\t\t<div data-elementor-type=\"wp-page\" data-elementor-id=\"41\" class=\"elementor elementor-41\" data-elementor-post-type=\"page\">\n\t\t\t\t<div class=\"elementor-element elementor-element-b495d50 e-con-full e-flex e-con e-parent\" data-id=\"b495d50\" data-element_type=\"container\" data-e-type=\"container\">\n\t\t\t\t<div class=\"elementor-element elementor-element-f386500 elementor-widget elementor-widget-google_maps\" data-id=\"f386500\" data-element_type=\"widget\" data-e-type=\"widget\" data-widget_type=\"google_maps.default\">\n\t\t\t\t<div class=\"elementor-widget-container\">\n\t\t\t\t\t\t\t<div class=\"elementor-custom-embed\">\n\t\t\t<iframe loading=\"lazy\"\n\t\t\t\t\tsrc=\"https:\/\/maps.google.com\/maps?q=Tersteegenstra%C3%9F%2028%2C%2040474%20D%C3%BCsseldorf&#038;t=m&#038;z=17&#038;output=embed&#038;iwloc=near\"\n\t\t\t\t\ttitle=\"Tersteegenstra\u00df 28, 40474 D\u00fcsseldorf\"\n\t\t\t\t\taria-label=\"Tersteegenstra\u00df 28, 40474 D\u00fcsseldorf\"\n\t\t\t><\/iframe>\n\t\t<\/div>\n\t\t\t\t\t\t<\/div>\n\t\t\t\t<\/div>\n\t\t\t\t<\/div>\n\t\t<div class=\"elementor-element elementor-element-bdc72f9 e-con-full e-flex e-con e-parent\" data-id=\"bdc72f9\" data-element_type=\"container\" data-e-type=\"container\">\n\t\t\t\t<div class=\"elementor-element elementor-element-7bba1b9 elementor-widget elementor-widget-text-editor\" data-id=\"7bba1b9\" data-element_type=\"widget\" data-e-type=\"widget\" data-widget_type=\"text-editor.default\">\n\t\t\t\t<div class=\"elementor-widget-container\">\n\t\t\t\t\t\t\t\t\t<p style=\"text-align: center;\"><strong>NEURALTHERAPIE&nbsp; &nbsp; &nbsp; FRAUENGESUNDHEIT&nbsp; &nbsp; &nbsp;MEDIKAMENT\u00d6SE TUMORTHERAPIE&nbsp; &nbsp; &nbsp;SCHWANGERENBETREUUNG&nbsp; &nbsp; &nbsp; ERN\u00c4HRUNGSMEDIZIN &amp; NATURHEILVERFAHREN<\/strong><\/p>\t\t\t\t\t\t\t\t<\/div>\n\t\t\t\t<\/div>\n\t\t\t\t<\/div>\n\t\t<div class=\"elementor-element elementor-element-8e0c85c e-flex e-con-boxed e-con e-parent\" data-id=\"8e0c85c\" data-element_type=\"container\" data-e-type=\"container\">\n\t\t\t\t\t<div class=\"e-con-inner\">\n\t\t<div class=\"elementor-element elementor-element-eec24ee e-con-full e-flex e-con e-child\" data-id=\"eec24ee\" data-element_type=\"container\" data-e-type=\"container\">\n\t\t\t\t<div class=\"elementor-element elementor-element-2171330 elementor-widget elementor-widget-image\" data-id=\"2171330\" data-element_type=\"widget\" data-e-type=\"widget\" data-widget_type=\"image.default\">\n\t\t\t\t<div class=\"elementor-widget-container\">\n\t\t\t\t\t\t\t\t\t\t\t\t\t\t\t<img fetchpriority=\"high\" decoding=\"async\" width=\"600\" height=\"800\" src=\"https:\/\/www.gynaekologie-golzheim.de\/wp-content\/uploads\/2025\/06\/GG_Portrait_Kontakt_01.jpg\" class=\"attachment-full size-full wp-image-527\" alt=\"Portr\u00e4t von Frau Annika Flintrop und Dr.. med. Barbara Huneke\" srcset=\"https:\/\/www.gynaekologie-golzheim.de\/wp-content\/uploads\/2025\/06\/GG_Portrait_Kontakt_01.jpg 600w, https:\/\/www.gynaekologie-golzheim.de\/wp-content\/uploads\/2025\/06\/GG_Portrait_Kontakt_01-225x300.jpg 225w\" sizes=\"(max-width: 600px) 100vw, 600px\" \/>\t\t\t\t\t\t\t\t\t\t\t\t\t\t\t<\/div>\n\t\t\t\t<\/div>\n\t\t\t\t<\/div>\n\t\t<div class=\"elementor-element elementor-element-4f15d05 e-con-full e-flex e-con e-child\" data-id=\"4f15d05\" data-element_type=\"container\" data-e-type=\"container\">\n\t\t\t\t<div class=\"elementor-element elementor-element-fd7ac43 elementor-widget elementor-widget-heading\" data-id=\"fd7ac43\" data-element_type=\"widget\" data-e-type=\"widget\" data-widget_type=\"heading.default\">\n\t\t\t\t<div class=\"elementor-widget-container\">\n\t\t\t\t\t<h2 class=\"elementor-heading-title elementor-size-default\">IHR KONTAKT ZU UNS<\/h2>\t\t\t\t<\/div>\n\t\t\t\t<\/div>\n\t\t\t\t<div class=\"elementor-element elementor-element-845eb86 elementor-widget elementor-widget-text-editor\" data-id=\"845eb86\" data-element_type=\"widget\" data-e-type=\"widget\" data-widget_type=\"text-editor.default\">\n\t\t\t\t<div class=\"elementor-widget-container\">\n\t\t\t\t\t\t\t\t\t<p><strong>Wir sind f\u00fcr Sie da in unserer neuen Gemeinschaftspraxis in D\u00fcsseldorf Golzheim!<\/strong><\/p><p class=\"p1\">Gyn\u00e4kologie Golzheim<br \/>Dr. med. Barbara Huneke &amp; Annika Flintrop<br \/>Tersteegenstra\u00dfe 28<br \/>40474 D\u00fcsseldorf<\/p><p>Sie erreichen uns telefonisch unter 0211 785345 oder per E-Mail an <a href=\"mailto:info@gynaekologie-golzheim.de\">info@gynaekologie-golzheim.de<\/a>.<\/p><p><strong>Nutzen Sie unsere Stellpl\u00e4tze in der Tiefgarage<\/strong><\/p><p>Damit Sie uns ganz entspannt erreichen, stehen Ihnen Tiefgaragen-Stellpl\u00e4tze direkt im Haus zur Verf\u00fcgung. So m\u00fcssen Sie keinen Parkplatz suchen und gelangen bequem und wettergesch\u00fctzt in unsere Praxis. Bitte klingeln Sie bei \u201eGyn\u00e4kologie\u201c, wir \u00f6ffnen Ihnen dann gerne die Einfahrt zur Tiefgarage. Wir freuen uns auf Ihren Besuch!<\/p>\t\t\t\t\t\t\t\t<\/div>\n\t\t\t\t<\/div>\n\t\t\t\t<\/div>\n\t\t\t\t\t<\/div>\n\t\t\t\t<\/div>\n\t\t\t\t<\/div>\n\t\t","protected":false},"excerpt":{"rendered":"<p>NEURALTHERAPIE&nbsp; &nbsp; &nbsp; FRAUENGESUNDHEIT&nbsp; &nbsp; &nbsp;MEDIKAMENT\u00d6SE TUMORTHERAPIE&nbsp; &nbsp; &nbsp;SCHWANGERENBETREUUNG&nbsp; &nbsp; &nbsp; ERN\u00c4HRUNGSMEDIZIN &amp; NATURHEILVERFAHREN IHR KONTAKT ZU UNS Wir sind [&hellip;]<\/p>\n","protected":false},"author":1,"featured_media":0,"parent":0,"menu_order":0,"comment_status":"closed","ping_status":"closed","template":"","meta":{"site-sidebar-layout":"no-sidebar","site-content-layout":"","ast-site-content-layout":"full-width-container","site-content-style":"default","site-sidebar-style":"default","ast-global-header-display":"","ast-banner-title-visibility":"","ast-main-header-display":"","ast-hfb-above-header-display":"","ast-hfb-below-header-display":"","ast-hfb-mobile-header-display":"","site-post-title":"disabled","ast-breadcrumbs-content":"","ast-featured-img":"disabled","footer-sml-layout":"","ast-disable-related-posts":"","theme-transparent-header-meta":"","adv-header-id-meta":"","stick-header-meta":"","header-above-stick-meta":"","header-main-stick-meta":"","header-below-stick-meta":"","astra-migrate-meta-layouts":"default","ast-page-background-enabled":"default","ast-page-background-meta":{"desktop":{"background-color":"var(--ast-global-color-5)","background-image":"","background-repeat":"repeat","background-position":"center center","background-size":"auto","background-attachment":"scroll","background-type":"","background-media":"","overlay-type":"","overlay-color":"","overlay-opacity":"","overlay-gradient":""},"tablet":{"background-color":"","background-image":"","background-repeat":"repeat","background-position":"center center","background-size":"auto","background-attachment":"scroll","background-type":"","background-media":"","overlay-type":"","overlay-color":"","overlay-opacity":"","overlay-gradient":""},"mobile":{"background-color":"","background-image":"","background-repeat":"repeat","background-position":"center center","background-size":"auto","background-attachment":"scroll","background-type":"","background-media":"","overlay-type":"","overlay-color":"","overlay-opacity":"","overlay-gradient":""}},"ast-content-background-meta":{"desktop":{"background-color":"var(--ast-global-color-4)","background-image":"","background-repeat":"repeat","background-position":"center center","background-size":"auto","background-attachment":"scroll","background-type":"","background-media":"","overlay-type":"","overlay-color":"","overlay-opacity":"","overlay-gradient":""},"tablet":{"background-color":"var(--ast-global-color-4)","background-image":"","background-repeat":"repeat","background-position":"center center","background-size":"auto","background-attachment":"scroll","background-type":"","background-media":"","overlay-type":"","overlay-color":"","overlay-opacity":"","overlay-gradient":""},"mobile":{"background-color":"var(--ast-global-color-4)","background-image":"","background-repeat":"repeat","background-position":"center center","background-size":"auto","background-attachment":"scroll","background-type":"","background-media":"","overlay-type":"","overlay-color":"","overlay-opacity":"","overlay-gradient":""}},"footnotes":""},"class_list":["post-41","page","type-page","status-publish","hentry"],"_links":{"self":[{"href":"https:\/\/www.gynaekologie-golzheim.de\/index.php\/wp-json\/wp\/v2\/pages\/41","targetHints":{"allow":["GET"]}}],"collection":[{"href":"https:\/\/www.gynaekologie-golzheim.de\/index.php\/wp-json\/wp\/v2\/pages"}],"about":[{"href":"https:\/\/www.gynaekologie-golzheim.de\/index.php\/wp-json\/wp\/v2\/types\/page"}],"author":[{"embeddable":true,"href":"https:\/\/www.gynaekologie-golzheim.de\/index.php\/wp-json\/wp\/v2\/users\/1"}],"replies":[{"embeddable":true,"href":"https:\/\/www.gynaekologie-golzheim.de\/index.php\/wp-json\/wp\/v2\/comments?post=41"}],"version-history":[{"count":102,"href":"https:\/\/www.gynaekologie-golzheim.de\/index.php\/wp-json\/wp\/v2\/pages\/41\/revisions"}],"predecessor-version":[{"id":1076,"href":"https:\/\/www.gynaekologie-golzheim.de\/index.php\/wp-json\/wp\/v2\/pages\/41\/revisions\/1076"}],"wp:attachment":[{"href":"https:\/\/www.gynaekologie-golzheim.de\/index.php\/wp-json\/wp\/v2\/media?parent=41"}],"curies":[{"name":"wp","href":"https:\/\/api.w.org\/{rel}","templated":true}]}}