{"id":43,"date":"2025-05-23T08:12:23","date_gmt":"2025-05-23T06:12:23","guid":{"rendered":"https:\/\/www.gynaekologie-golzheim.de\/?page_id=43"},"modified":"2025-12-07T11:23:25","modified_gmt":"2025-12-07T10:23:25","slug":"impressum","status":"publish","type":"page","link":"https:\/\/www.gynaekologie-golzheim.de\/index.php\/impressum\/","title":{"rendered":"Impressum"},"content":{"rendered":"\t\t<div data-elementor-type=\"wp-page\" data-elementor-id=\"43\" class=\"elementor elementor-43\" data-elementor-post-type=\"page\">\n\t\t\t\t<div class=\"elementor-element elementor-element-5f00b52 e-con-full e-flex elementor-invisible e-con e-parent\" data-id=\"5f00b52\" data-element_type=\"container\" data-e-type=\"container\" data-settings=\"{&quot;background_background&quot;:&quot;classic&quot;,&quot;animation&quot;:&quot;fadeIn&quot;}\">\n\t\t<div class=\"elementor-element elementor-element-c9e0caa e-con-full e-flex e-con e-child\" data-id=\"c9e0caa\" data-element_type=\"container\" data-e-type=\"container\">\n\t\t\t\t<div class=\"elementor-element elementor-element-46317fa elementor-widget elementor-widget-text-editor\" data-id=\"46317fa\" data-element_type=\"widget\" data-e-type=\"widget\" data-widget_type=\"text-editor.default\">\n\t\t\t\t<div class=\"elementor-widget-container\">\n\t\t\t\t\t\t\t\t\t<p class=\"p1\"><span class=\"s1\"><b>AB 23.10.2025 F\u00dcR SIE IN UNSERER NEUEN<\/b><\/span><b style=\"font-style: inherit;\"> GEMEINSCHAFTSPRAXIS\u00a0<\/b><span class=\"s1\"><b>IN D\u00dcSSELDORF GOLZHEIM!<\/b><\/span><\/p>\t\t\t\t\t\t\t\t<\/div>\n\t\t\t\t<\/div>\n\t\t\t\t<\/div>\n\t\t\t\t<div class=\"elementor-element elementor-element-04d9fb1 elementor-align-right elementor-widget__width-inherit elementor-mobile-align-right elementor-widget-mobile__width-inherit elementor-widget elementor-widget-button\" data-id=\"04d9fb1\" data-element_type=\"widget\" data-e-type=\"widget\" data-widget_type=\"button.default\">\n\t\t\t\t<div class=\"elementor-widget-container\">\n\t\t\t\t\t\t\t\t\t<div class=\"elementor-button-wrapper\">\n\t\t\t\t\t<a class=\"elementor-button elementor-button-link elementor-size-sm\" href=\"https:\/\/www.doctolib.de\/gemeinschaftspraxis\/duesseldorf\/flintrop-und-dr-huneke\/booking?utm_campaign=website-button&#038;utm_source=online-booking&#038;utm_medium=referral&#038;bookingFunnelSource=profile\">\n\t\t\t\t\t\t<span class=\"elementor-button-content-wrapper\">\n\t\t\t\t\t\t\t\t\t<span class=\"elementor-button-text\">TERMIN VEREINBAREN<\/span>\n\t\t\t\t\t<\/span>\n\t\t\t\t\t<\/a>\n\t\t\t\t<\/div>\n\t\t\t\t\t\t\t\t<\/div>\n\t\t\t\t<\/div>\n\t\t\t\t<\/div>\n\t\t<div class=\"elementor-element elementor-element-8172798 e-flex e-con-boxed e-con e-parent\" data-id=\"8172798\" data-element_type=\"container\" data-e-type=\"container\" data-settings=\"{&quot;background_background&quot;:&quot;classic&quot;}\">\n\t\t\t\t\t<div class=\"e-con-inner\">\n\t\t\t\t<div class=\"elementor-element elementor-element-477fdb9 elementor-widget elementor-widget-text-editor\" data-id=\"477fdb9\" data-element_type=\"widget\" data-e-type=\"widget\" data-widget_type=\"text-editor.default\">\n\t\t\t\t<div class=\"elementor-widget-container\">\n\t\t\t\t\t\t\t\t\t<p style=\"text-align: center;\"><strong>NEURALTHERAPIE&nbsp; &nbsp; &nbsp; FRAUENGESUNDHEIT&nbsp; &nbsp; &nbsp;MEDIKAMENT\u00d6SE TUMORTHERAPIE&nbsp; &nbsp; &nbsp;SCHWANGERENBETREUUNG&nbsp; &nbsp; &nbsp; ERN\u00c4HRUNGSMEDIZIN &amp; NATURHEILVERFAHREN<\/strong><\/p>\t\t\t\t\t\t\t\t<\/div>\n\t\t\t\t<\/div>\n\t\t\t\t\t<\/div>\n\t\t\t\t<\/div>\n\t\t<div class=\"elementor-element elementor-element-d0f5e70 e-flex e-con-boxed e-con e-parent\" data-id=\"d0f5e70\" data-element_type=\"container\" data-e-type=\"container\">\n\t\t\t\t\t<div class=\"e-con-inner\">\n\t\t\t\t<div class=\"elementor-element elementor-element-5d4c7df elementor-widget elementor-widget-heading\" data-id=\"5d4c7df\" data-element_type=\"widget\" data-e-type=\"widget\" data-widget_type=\"heading.default\">\n\t\t\t\t<div class=\"elementor-widget-container\">\n\t\t\t\t\t<h2 class=\"elementor-heading-title elementor-size-default\">Impressum<\/h2>\t\t\t\t<\/div>\n\t\t\t\t<\/div>\n\t\t\t\t<div class=\"elementor-element elementor-element-d580824 elementor-widget elementor-widget-text-editor\" data-id=\"d580824\" data-element_type=\"widget\" data-e-type=\"widget\" data-widget_type=\"text-editor.default\">\n\t\t\t\t<div class=\"elementor-widget-container\">\n\t\t\t\t\t\t\t\t\t<p>Berufsaus\u00fcbungsgemeinschaft\u2028in der Rechtsform einer Gesellschaft b\u00fcrgerlichen Rechts (GbR)<\/p><p><strong>Vertretungsberechtigte Gesellschafterinnen<\/strong><br \/>Frau Dr.\u202fmed. Barbara Huneke, Frau Annika\u202fFlintrop<\/p><p><strong>Praxisanschrift<\/strong><br \/>Tersteegenstra\u00dfe 28\u2028<br \/>40474 D\u00fcsseldorf<br \/>Deutschland<\/p><p><strong>Kontakt<\/strong><br \/>Telefon: 0211\u202f785344<br \/>Telefax: 0211\u202f785345<br \/>E-Mail: info@gynaekologie-golzheim.de<br \/>Internet: www.gynaekologie-golzheim.de<\/p><p><strong>Berufsrechtliche Angaben<\/strong><br \/>Mitglieder der \u00c4rztekammer Nordrhein<br \/>Mitgliedsnummern: auf Anfrage erh\u00e4ltlich<br \/>Vertrags\u00e4rztliche Zulassung \u00fcber die Kassen\u00e4rztliche Vereinigung Nordrhein<br \/>KV-Nummer: auf Anfrage erh\u00e4ltlich<\/p><p><strong>Zust\u00e4ndige Aufsichtsbeh\u00f6rde<\/strong><br \/>Ministerium f\u00fcr Arbeit, Gesundheit und Soziales des Landes Nordrhein-Westfalen\u2028F\u00fcrstenwall 25\u202840219 D\u00fcsseldorf<\/p><p><strong>Zust\u00e4ndige Kammer<\/strong><br \/>\u00c4rztekammer Nordrhein<br \/>Tersteegenstra\u00dfe 28<br \/>40474 D\u00fcsseldorf<br \/>Tel.\u202f0211\u202f4302\u20110<br \/>Fax\u202f0211\u202f4302\u20112009<\/p><p><strong>Zust\u00e4ndige Kassen\u00e4rztliche Vereinigung<\/strong><br \/>Kassen\u00e4rztliche Vereinigung Nordrhein<br \/>Tersteegenstra\u00dfe 28<br \/>40474 D\u00fcsseldorf<br \/>Tel.\u202f0211\u202f5970\u20110<br \/>Fax\u202f0211\u202f5970\u20118287<\/p><p><strong>Gesetzliche Berufsbezeichnungen<\/strong><br \/>Frau Dr.\u202fmed. Barbara Huneke:\u2028<br \/>\u2022 Fach\u00e4rztin f\u00fcr Gyn\u00e4kologie und Geburtshilfe\u2028<br \/>\u2022 Zusatzbezeichnungen:\u2028 <br \/>\u00a0 \u00a0&#8211; Medikament\u00f6se Tumortherapie\u2028 <br \/>\u00a0 \u00a0&#8211; Ern\u00e4hrungsmedizin\u2028 <br \/>\u00a0 \u00a0&#8211; Neuraltherapie nach Huneke\u2028 <br \/>\u00a0 \u00a0&#8211; Kolposkopiediplom\u2028<br \/>(Alle Titel verliehen in der Bundesrepublik Deutschland)<\/p><p>Frau Annika Flintrop:\u2028<br \/>\u2022 Fach\u00e4rztin f\u00fcr Gyn\u00e4kologie und Geburtshilfe\u2028<br \/>\u2022 Zusatzbezeichnung:\u2028 <br \/>\u00a0 \u00a0&#8211; Medikament\u00f6se Tumortherapie\u2028<br \/>(Alle Titel verliehen in der Bundesrepublik Deutschland)<\/p>\t\t\t\t\t\t\t\t<\/div>\n\t\t\t\t<\/div>\n\t\t\t\t<div class=\"elementor-element elementor-element-2d3d8e2 elementor-widget elementor-widget-heading\" data-id=\"2d3d8e2\" data-element_type=\"widget\" data-e-type=\"widget\" data-widget_type=\"heading.default\">\n\t\t\t\t<div class=\"elementor-widget-container\">\n\t\t\t\t\t<h2 class=\"elementor-heading-title elementor-size-default\">Haftungsausschluss<\/h2>\t\t\t\t<\/div>\n\t\t\t\t<\/div>\n\t\t\t\t<div class=\"elementor-element elementor-element-de59f7c elementor-widget elementor-widget-text-editor\" data-id=\"de59f7c\" data-element_type=\"widget\" data-e-type=\"widget\" data-widget_type=\"text-editor.default\">\n\t\t\t\t<div class=\"elementor-widget-container\">\n\t\t\t\t\t\t\t\t\t<p><strong>Haftung f\u00fcr Inhalte<\/strong><br \/>Als Diensteanbieter sind wir gem\u00e4\u00df \u00a7 7 Abs.1 TMG f\u00fcr eigene Inhalte auf diesen Seiten nach den allgemeinen Gesetzen verantwortlich. Nach \u00a7\u00a7 8 bis 10 TMG sind wir als Diensteanbieter jedoch nicht verpflichtet, \u00fcbermittelte oder gespeicherte fremde Informationen zu \u00fcberwachen oder nach Umst\u00e4nden zu forschen, die auf eine rechtswidrige T\u00e4tigkeit hinweisen.<\/p><p>Verpflichtungen zur Entfernung oder Sperrung der Nutzung von Informationen nach den allgemeinen Gesetzen bleiben hiervon unber\u00fchrt. Eine diesbez\u00fcgliche Haftung ist jedoch erst ab dem Zeitpunkt der Kenntnis einer konkreten Rechtsverletzung m\u00f6glich. Bei Bekanntwerden von entsprechenden Rechtsverletzungen werden wir diese Inhalte umgehend entfernen.<\/p><p><strong>Haftung f\u00fcr Links<\/strong><br \/>Unser Angebot enth\u00e4lt Links zu externen Webseiten Dritter, auf deren Inhalte wir keinen Einfluss haben. Deshalb k\u00f6nnen wir f\u00fcr diese fremden Inhalte auch keine Gew\u00e4hr \u00fcbernehmen. F\u00fcr die Inhalte der verlinkten Seiten ist stets der jeweilige Anbieter oder Betreiber der Seiten verantwortlich. Die verlinkten Seiten wurden zum Zeitpunkt der Verlinkung auf m\u00f6gliche Rechtsverst\u00f6\u00dfe \u00fcberpr\u00fcft. Rechtswidrige Inhalte waren zum Zeitpunkt der Verlinkung nicht erkennbar.<\/p><p>Eine permanente inhaltliche Kontrolle der verlinkten Seiten ist jedoch ohne konkrete Anhaltspunkte einer Rechtsverletzung nicht zumutbar. Bei Bekanntwerden von Rechtsverletzungen werden wir derartige Links umgehend entfernen.<\/p><p><strong>Urheberrecht<\/strong><br \/>Die durch die Seitenbetreiber erstellten Inhalte und Werke auf diesen Seiten unterliegen dem deutschen Urheberrecht. Die Vervielf\u00e4ltigung, Bearbeitung, Verbreitung und jede Art der Verwertung au\u00dferhalb der Grenzen des Urheberrechtes bed\u00fcrfen der schriftlichen Zustimmung des jeweiligen Autors bzw. Erstellers. Downloads und Kopien dieser Seite sind nur f\u00fcr den privaten, nicht kommerziellen Gebrauch gestattet.<\/p><p>Soweit die Inhalte auf dieser Seite nicht vom Betreiber erstellt wurden, werden die Urheberrechte Dritter beachtet. Insbesondere werden Inhalte Dritter als solche gekennzeichnet. Sollten Sie trotzdem auf eine Urheberrechtsverletzung aufmerksam werden, bitten wir um einen entsprechenden Hinweis. Bei Bekanntwerden von Rechtsverletzungen werden wir derartige Inhalte umgehend entfernen.<\/p>\t\t\t\t\t\t\t\t<\/div>\n\t\t\t\t<\/div>\n\t\t\t\t<div class=\"elementor-element elementor-element-e44b9b7 elementor-widget elementor-widget-spacer\" data-id=\"e44b9b7\" data-element_type=\"widget\" data-e-type=\"widget\" data-widget_type=\"spacer.default\">\n\t\t\t\t<div class=\"elementor-widget-container\">\n\t\t\t\t\t\t\t<div class=\"elementor-spacer\">\n\t\t\t<div class=\"elementor-spacer-inner\"><\/div>\n\t\t<\/div>\n\t\t\t\t\t\t<\/div>\n\t\t\t\t<\/div>\n\t\t\t\t\t<\/div>\n\t\t\t\t<\/div>\n\t\t\t\t<\/div>\n\t\t","protected":false},"excerpt":{"rendered":"<p>AB 23.10.2025 F\u00dcR SIE IN UNSERER NEUEN GEMEINSCHAFTSPRAXIS\u00a0IN D\u00dcSSELDORF GOLZHEIM! TERMIN VEREINBAREN NEURALTHERAPIE&nbsp; &nbsp; &nbsp; FRAUENGESUNDHEIT&nbsp; &nbsp; &nbsp;MEDIKAMENT\u00d6SE TUMORTHERAPIE&nbsp; &nbsp; [&hellip;]<\/p>\n","protected":false},"author":1,"featured_media":0,"parent":0,"menu_order":0,"comment_status":"closed","ping_status":"closed","template":"","meta":{"site-sidebar-layout":"no-sidebar","site-content-layout":"","ast-site-content-layout":"full-width-container","site-content-style":"default","site-sidebar-style":"default","ast-global-header-display":"","ast-banner-title-visibility":"","ast-main-header-display":"","ast-hfb-above-header-display":"","ast-hfb-below-header-display":"","ast-hfb-mobile-header-display":"","site-post-title":"disabled","ast-breadcrumbs-content":"","ast-featured-img":"disabled","footer-sml-layout":"","ast-disable-related-posts":"","theme-transparent-header-meta":"","adv-header-id-meta":"","stick-header-meta":"","header-above-stick-meta":"","header-main-stick-meta":"","header-below-stick-meta":"","astra-migrate-meta-layouts":"default","ast-page-background-enabled":"default","ast-page-background-meta":{"desktop":{"background-color":"var(--ast-global-color-5)","background-image":"","background-repeat":"repeat","background-position":"center center","background-size":"auto","background-attachment":"scroll","background-type":"","background-media":"","overlay-type":"","overlay-color":"","overlay-opacity":"","overlay-gradient":""},"tablet":{"background-color":"","background-image":"","background-repeat":"repeat","background-position":"center center","background-size":"auto","background-attachment":"scroll","background-type":"","background-media":"","overlay-type":"","overlay-color":"","overlay-opacity":"","overlay-gradient":""},"mobile":{"background-color":"","background-image":"","background-repeat":"repeat","background-position":"center center","background-size":"auto","background-attachment":"scroll","background-type":"","background-media":"","overlay-type":"","overlay-color":"","overlay-opacity":"","overlay-gradient":""}},"ast-content-background-meta":{"desktop":{"background-color":"var(--ast-global-color-4)","background-image":"","background-repeat":"repeat","background-position":"center center","background-size":"auto","background-attachment":"scroll","background-type":"","background-media":"","overlay-type":"","overlay-color":"","overlay-opacity":"","overlay-gradient":""},"tablet":{"background-color":"var(--ast-global-color-4)","background-image":"","background-repeat":"repeat","background-position":"center center","background-size":"auto","background-attachment":"scroll","background-type":"","background-media":"","overlay-type":"","overlay-color":"","overlay-opacity":"","overlay-gradient":""},"mobile":{"background-color":"var(--ast-global-color-4)","background-image":"","background-repeat":"repeat","background-position":"center center","background-size":"auto","background-attachment":"scroll","background-type":"","background-media":"","overlay-type":"","overlay-color":"","overlay-opacity":"","overlay-gradient":""}},"footnotes":""},"class_list":["post-43","page","type-page","status-publish","hentry"],"_links":{"self":[{"href":"https:\/\/www.gynaekologie-golzheim.de\/index.php\/wp-json\/wp\/v2\/pages\/43","targetHints":{"allow":["GET"]}}],"collection":[{"href":"https:\/\/www.gynaekologie-golzheim.de\/index.php\/wp-json\/wp\/v2\/pages"}],"about":[{"href":"https:\/\/www.gynaekologie-golzheim.de\/index.php\/wp-json\/wp\/v2\/types\/page"}],"author":[{"embeddable":true,"href":"https:\/\/www.gynaekologie-golzheim.de\/index.php\/wp-json\/wp\/v2\/users\/1"}],"replies":[{"embeddable":true,"href":"https:\/\/www.gynaekologie-golzheim.de\/index.php\/wp-json\/wp\/v2\/comments?post=43"}],"version-history":[{"count":69,"href":"https:\/\/www.gynaekologie-golzheim.de\/index.php\/wp-json\/wp\/v2\/pages\/43\/revisions"}],"predecessor-version":[{"id":972,"href":"https:\/\/www.gynaekologie-golzheim.de\/index.php\/wp-json\/wp\/v2\/pages\/43\/revisions\/972"}],"wp:attachment":[{"href":"https:\/\/www.gynaekologie-golzheim.de\/index.php\/wp-json\/wp\/v2\/media?parent=43"}],"curies":[{"name":"wp","href":"https:\/\/api.w.org\/{rel}","templated":true}]}}