{"id":6,"date":"2025-02-05T23:20:36","date_gmt":"2025-02-05T22:20:36","guid":{"rendered":"https:\/\/www.gynaekologie-golzheim.de\/?page_id=6"},"modified":"2026-03-27T15:32:44","modified_gmt":"2026-03-27T14:32:44","slug":"home","status":"publish","type":"page","link":"https:\/\/www.gynaekologie-golzheim.de\/","title":{"rendered":"Home"},"content":{"rendered":"\t\t<div data-elementor-type=\"wp-page\" data-elementor-id=\"6\" class=\"elementor elementor-6\" data-elementor-post-type=\"page\">\n\t\t\t\t<div class=\"elementor-element elementor-element-3706b6f e-con-full e-flex elementor-invisible e-con e-parent\" data-id=\"3706b6f\" data-element_type=\"container\" data-e-type=\"container\" data-settings=\"{&quot;background_background&quot;:&quot;classic&quot;,&quot;animation&quot;:&quot;fadeIn&quot;}\">\n\t\t<div class=\"elementor-element elementor-element-49846c7 e-con-full e-flex e-con e-child\" data-id=\"49846c7\" data-element_type=\"container\" data-e-type=\"container\">\n\t\t\t\t<div class=\"elementor-element elementor-element-6353e81 elementor-widget elementor-widget-text-editor\" data-id=\"6353e81\" data-element_type=\"widget\" data-e-type=\"widget\" data-widget_type=\"text-editor.default\">\n\t\t\t\t<div class=\"elementor-widget-container\">\n\t\t\t\t\t\t\t\t\t<p class=\"p1\"><span class=\"s1\"><b>AB 23.10.2025 F\u00dcR SIE IN UNSERER NEUEN<\/b><\/span><b style=\"font-style: inherit;\"> GEMEINSCHAFTSPRAXIS\u00a0<\/b><span class=\"s1\"><b>IN D\u00dcSSELDORF GOLZHEIM!<\/b><\/span><\/p>\t\t\t\t\t\t\t\t<\/div>\n\t\t\t\t<\/div>\n\t\t\t\t<\/div>\n\t\t\t\t<div class=\"elementor-element elementor-element-c7ccafa elementor-align-right elementor-widget__width-inherit elementor-mobile-align-right elementor-widget-mobile__width-inherit elementor-widget elementor-widget-button\" data-id=\"c7ccafa\" data-element_type=\"widget\" data-e-type=\"widget\" data-widget_type=\"button.default\">\n\t\t\t\t<div class=\"elementor-widget-container\">\n\t\t\t\t\t\t\t\t\t<div class=\"elementor-button-wrapper\">\n\t\t\t\t\t<a class=\"elementor-button elementor-button-link elementor-size-sm\" href=\"https:\/\/www.doctolib.de\/gemeinschaftspraxis\/duesseldorf\/flintrop-und-dr-huneke\/booking?utm_campaign=website-button&#038;utm_source=online-booking&#038;utm_medium=referral&#038;bookingFunnelSource=profile\">\n\t\t\t\t\t\t<span class=\"elementor-button-content-wrapper\">\n\t\t\t\t\t\t\t\t\t<span class=\"elementor-button-text\">TERMIN VEREINBAREN<\/span>\n\t\t\t\t\t<\/span>\n\t\t\t\t\t<\/a>\n\t\t\t\t<\/div>\n\t\t\t\t\t\t\t\t<\/div>\n\t\t\t\t<\/div>\n\t\t\t\t<\/div>\n\t\t<div class=\"elementor-element elementor-element-cf5e7ac e-flex e-con-boxed e-con e-parent\" data-id=\"cf5e7ac\" data-element_type=\"container\" data-e-type=\"container\" data-settings=\"{&quot;background_background&quot;:&quot;classic&quot;}\">\n\t\t\t\t\t<div class=\"e-con-inner\">\n\t\t\t\t<div class=\"elementor-element elementor-element-faaf854 elementor-widget elementor-widget-text-editor\" data-id=\"faaf854\" data-element_type=\"widget\" data-e-type=\"widget\" data-widget_type=\"text-editor.default\">\n\t\t\t\t<div class=\"elementor-widget-container\">\n\t\t\t\t\t\t\t\t\t<p style=\"text-align: center;\"><strong>NEURALTHERAPIE&nbsp; &nbsp; &nbsp; FRAUENGESUNDHEIT&nbsp; &nbsp; &nbsp;MEDIKAMENT\u00d6SE TUMORTHERAPIE&nbsp; &nbsp; &nbsp;SCHWANGERENBETREUUNG&nbsp; &nbsp; &nbsp; ERN\u00c4HRUNGSMEDIZIN &amp; NATURHEILVERFAHREN<\/strong><\/p>\t\t\t\t\t\t\t\t<\/div>\n\t\t\t\t<\/div>\n\t\t\t\t\t<\/div>\n\t\t\t\t<\/div>\n\t\t<div class=\"elementor-element elementor-element-ff06191 e-flex e-con-boxed e-con e-parent\" data-id=\"ff06191\" data-element_type=\"container\" data-e-type=\"container\" data-settings=\"{&quot;background_background&quot;:&quot;classic&quot;}\">\n\t\t\t\t\t<div class=\"e-con-inner\">\n\t\t<div class=\"elementor-element elementor-element-9e4a71a e-con-full e-flex e-con e-child\" data-id=\"9e4a71a\" data-element_type=\"container\" data-e-type=\"container\">\n\t\t\t\t<div class=\"elementor-element elementor-element-e50da4c elementor-widget elementor-widget-spacer\" data-id=\"e50da4c\" data-element_type=\"widget\" data-e-type=\"widget\" data-widget_type=\"spacer.default\">\n\t\t\t\t<div class=\"elementor-widget-container\">\n\t\t\t\t\t\t\t<div class=\"elementor-spacer\">\n\t\t\t<div class=\"elementor-spacer-inner\"><\/div>\n\t\t<\/div>\n\t\t\t\t\t\t<\/div>\n\t\t\t\t<\/div>\n\t\t\t\t<div class=\"elementor-element elementor-element-ed28bab elementor-widget elementor-widget-heading\" data-id=\"ed28bab\" data-element_type=\"widget\" data-e-type=\"widget\" data-widget_type=\"heading.default\">\n\t\t\t\t<div class=\"elementor-widget-container\">\n\t\t\t\t\t<h1 class=\"elementor-heading-title elementor-size-default\">Ganzheitlich und nat\u00fcrlich und individuell<\/h1>\t\t\t\t<\/div>\n\t\t\t\t<\/div>\n\t\t\t\t<div class=\"elementor-element elementor-element-c59f2e3 elementor-widget elementor-widget-text-editor\" data-id=\"c59f2e3\" data-element_type=\"widget\" data-e-type=\"widget\" data-widget_type=\"text-editor.default\">\n\t\t\t\t<div class=\"elementor-widget-container\">\n\t\t\t\t\t\t\t\t\t<p>Herzlich willkommen in unserer gyn\u00e4kologischen Praxis im Herzen von D\u00fcsseldorf! Hier, im Zentrum unserer Arbeit, stehen Sie als Mensch im Mittelpunkt. Als zwei leidenschaftliche \u00c4rztinnen bieten wir Ihnen eine ganzheitliche Betrachtung Ihrer Gesundheit, die sowohl Ihre k\u00f6rperlichen als auch Ihre emotionalen Bed\u00fcrfnisse ber\u00fccksichtigt. Mit einem starken Fokus auf nat\u00fcrliche Heilmethoden und individuell abgestimmte Behandlungsoptionen m\u00f6chten wir Sie auf Ihrem Weg zu mehr Wohlbefinden und Balance begleiten. Vertrauen Sie auf unsere Erfahrung und Kompetenz \u2013 f\u00fcr Ihre Gesundheit und Ihr Wohlbefinden.<\/p>\t\t\t\t\t\t\t\t<\/div>\n\t\t\t\t<\/div>\n\t\t\t\t<\/div>\n\t\t\t\t\t<\/div>\n\t\t\t\t<\/div>\n\t\t\t\t<\/div>\n\t\t","protected":false},"excerpt":{"rendered":"<p>AB 23.10.2025 F\u00dcR SIE IN UNSERER NEUEN GEMEINSCHAFTSPRAXIS\u00a0IN D\u00dcSSELDORF GOLZHEIM! TERMIN VEREINBAREN NEURALTHERAPIE&nbsp; &nbsp; &nbsp; FRAUENGESUNDHEIT&nbsp; &nbsp; &nbsp;MEDIKAMENT\u00d6SE TUMORTHERAPIE&nbsp; &nbsp; [&hellip;]<\/p>\n","protected":false},"author":1,"featured_media":77,"parent":0,"menu_order":0,"comment_status":"closed","ping_status":"closed","template":"","meta":{"site-sidebar-layout":"no-sidebar","site-content-layout":"","ast-site-content-layout":"full-width-container","site-content-style":"default","site-sidebar-style":"default","ast-global-header-display":"","ast-banner-title-visibility":"","ast-main-header-display":"","ast-hfb-above-header-display":"","ast-hfb-below-header-display":"","ast-hfb-mobile-header-display":"","site-post-title":"disabled","ast-breadcrumbs-content":"","ast-featured-img":"disabled","footer-sml-layout":"","ast-disable-related-posts":"","theme-transparent-header-meta":"","adv-header-id-meta":"","stick-header-meta":"","header-above-stick-meta":"","header-main-stick-meta":"","header-below-stick-meta":"","astra-migrate-meta-layouts":"default","ast-page-background-enabled":"default","ast-page-background-meta":{"desktop":{"background-color":"var(--ast-global-color-5)","background-image":"","background-repeat":"repeat","background-position":"center center","background-size":"auto","background-attachment":"scroll","background-type":"","background-media":"","overlay-type":"","overlay-color":"","overlay-opacity":"","overlay-gradient":""},"tablet":{"background-color":"","background-image":"","background-repeat":"repeat","background-position":"center center","background-size":"auto","background-attachment":"scroll","background-type":"","background-media":"","overlay-type":"","overlay-color":"","overlay-opacity":"","overlay-gradient":""},"mobile":{"background-color":"","background-image":"","background-repeat":"repeat","background-position":"center center","background-size":"auto","background-attachment":"scroll","background-type":"","background-media":"","overlay-type":"","overlay-color":"","overlay-opacity":"","overlay-gradient":""}},"ast-content-background-meta":{"desktop":{"background-color":"var(--ast-global-color-4)","background-image":"","background-repeat":"repeat","background-position":"center center","background-size":"auto","background-attachment":"scroll","background-type":"","background-media":"","overlay-type":"","overlay-color":"","overlay-opacity":"","overlay-gradient":""},"tablet":{"background-color":"var(--ast-global-color-4)","background-image":"","background-repeat":"repeat","background-position":"center center","background-size":"auto","background-attachment":"scroll","background-type":"","background-media":"","overlay-type":"","overlay-color":"","overlay-opacity":"","overlay-gradient":""},"mobile":{"background-color":"var(--ast-global-color-4)","background-image":"","background-repeat":"repeat","background-position":"center center","background-size":"auto","background-attachment":"scroll","background-type":"","background-media":"","overlay-type":"","overlay-color":"","overlay-opacity":"","overlay-gradient":""}},"footnotes":""},"class_list":["post-6","page","type-page","status-publish","has-post-thumbnail","hentry"],"_links":{"self":[{"href":"https:\/\/www.gynaekologie-golzheim.de\/index.php\/wp-json\/wp\/v2\/pages\/6","targetHints":{"allow":["GET"]}}],"collection":[{"href":"https:\/\/www.gynaekologie-golzheim.de\/index.php\/wp-json\/wp\/v2\/pages"}],"about":[{"href":"https:\/\/www.gynaekologie-golzheim.de\/index.php\/wp-json\/wp\/v2\/types\/page"}],"author":[{"embeddable":true,"href":"https:\/\/www.gynaekologie-golzheim.de\/index.php\/wp-json\/wp\/v2\/users\/1"}],"replies":[{"embeddable":true,"href":"https:\/\/www.gynaekologie-golzheim.de\/index.php\/wp-json\/wp\/v2\/comments?post=6"}],"version-history":[{"count":402,"href":"https:\/\/www.gynaekologie-golzheim.de\/index.php\/wp-json\/wp\/v2\/pages\/6\/revisions"}],"predecessor-version":[{"id":1073,"href":"https:\/\/www.gynaekologie-golzheim.de\/index.php\/wp-json\/wp\/v2\/pages\/6\/revisions\/1073"}],"wp:featuredmedia":[{"embeddable":true,"href":"https:\/\/www.gynaekologie-golzheim.de\/index.php\/wp-json\/wp\/v2\/media\/77"}],"wp:attachment":[{"href":"https:\/\/www.gynaekologie-golzheim.de\/index.php\/wp-json\/wp\/v2\/media?parent=6"}],"curies":[{"name":"wp","href":"https:\/\/api.w.org\/{rel}","templated":true}]}}