{"id":832,"date":"2025-06-17T16:57:47","date_gmt":"2025-06-17T14:57:47","guid":{"rendered":"https:\/\/www.gynaekologie-golzheim.de\/?page_id=832"},"modified":"2025-09-26T11:36:57","modified_gmt":"2025-09-26T09:36:57","slug":"frauengesundheit","status":"publish","type":"page","link":"https:\/\/www.gynaekologie-golzheim.de\/index.php\/frauengesundheit\/","title":{"rendered":"Frauengesundheit"},"content":{"rendered":"\t\t<div data-elementor-type=\"wp-page\" data-elementor-id=\"832\" class=\"elementor elementor-832\" data-elementor-post-type=\"page\">\n\t\t\t\t<div class=\"elementor-element elementor-element-4b37a02 e-con-full e-flex elementor-invisible e-con e-parent\" data-id=\"4b37a02\" data-element_type=\"container\" data-e-type=\"container\" data-settings=\"{&quot;background_background&quot;:&quot;classic&quot;,&quot;animation&quot;:&quot;fadeIn&quot;}\">\n\t\t<div class=\"elementor-element elementor-element-e3612a2 e-con-full e-flex e-con e-child\" data-id=\"e3612a2\" data-element_type=\"container\" data-e-type=\"container\">\n\t\t\t\t<div class=\"elementor-element elementor-element-b365b83 elementor-widget elementor-widget-text-editor\" data-id=\"b365b83\" data-element_type=\"widget\" data-e-type=\"widget\" data-widget_type=\"text-editor.default\">\n\t\t\t\t<div class=\"elementor-widget-container\">\n\t\t\t\t\t\t\t\t\t<p class=\"p1\"><span class=\"s1\"><b>AB 23.10.2025 F\u00dcR SIE IN UNSERER NEUEN<\/b><\/span><b style=\"font-style: inherit;\"> GEMEINSCHAFTSPRAXIS\u00a0<\/b><span class=\"s1\"><b>IN D\u00dcSSELDORF GOLZHEIM!<\/b><\/span><\/p>\t\t\t\t\t\t\t\t<\/div>\n\t\t\t\t<\/div>\n\t\t\t\t<\/div>\n\t\t\t\t<\/div>\n\t\t<div class=\"elementor-element elementor-element-b0cf242 e-con-full e-flex e-con e-parent\" data-id=\"b0cf242\" data-element_type=\"container\" data-e-type=\"container\">\n\t\t\t\t<div class=\"elementor-element elementor-element-c520f6c elementor-widget elementor-widget-text-editor\" data-id=\"c520f6c\" data-element_type=\"widget\" data-e-type=\"widget\" data-widget_type=\"text-editor.default\">\n\t\t\t\t<div class=\"elementor-widget-container\">\n\t\t\t\t\t\t\t\t\t<p style=\"text-align: center;\"><strong>NEURALTHERAPIE&nbsp; &nbsp; &nbsp; FRAUENGESUNDHEIT&nbsp; &nbsp; &nbsp;MEDIKAMENT\u00d6SE TUMORTHERAPIE&nbsp; &nbsp; &nbsp;SCHWANGERENBETREUUNG&nbsp; &nbsp; &nbsp; ERN\u00c4HRUNGSMEDIZIN &amp; NATURHEILVERFAHREN<\/strong><\/p>\t\t\t\t\t\t\t\t<\/div>\n\t\t\t\t<\/div>\n\t\t\t\t<\/div>\n\t\t<div class=\"elementor-element elementor-element-88cb550 e-flex e-con-boxed e-con e-parent\" data-id=\"88cb550\" data-element_type=\"container\" data-e-type=\"container\">\n\t\t\t\t\t<div class=\"e-con-inner\">\n\t\t\t\t<div class=\"elementor-element elementor-element-801da58 elementor-widget__width-inherit elementor-widget elementor-widget-heading\" data-id=\"801da58\" data-element_type=\"widget\" data-e-type=\"widget\" data-widget_type=\"heading.default\">\n\t\t\t\t<div class=\"elementor-widget-container\">\n\t\t\t\t\t<h2 class=\"elementor-heading-title elementor-size-default\">FRAUENGESUNDHEIT \/ ALLGEMEINE LEISTUNGEN<\/h2>\t\t\t\t<\/div>\n\t\t\t\t<\/div>\n\t\t\t\t<div class=\"elementor-element elementor-element-c58f059 elementor-widget__width-inherit elementor-widget elementor-widget-text-editor\" data-id=\"c58f059\" data-element_type=\"widget\" data-e-type=\"widget\" data-widget_type=\"text-editor.default\">\n\t\t\t\t<div class=\"elementor-widget-container\">\n\t\t\t\t\t\t\t\t\t<ul><li><strong>Vorsorgeuntersuchungen<\/strong> (inkl. Abstrich, Tastuntersuchung, Ultraschall)<\/li><li><strong>Beratung zu Verh\u00fctungsmethoden <\/strong>(Pille, Spirale, etc.)<\/li><li><strong>Einlage und Entfernung von Spiralen<\/strong> (Kupfer und Hormonspirale)<\/li><li><strong>Ultraschalluntersuchungen<\/strong><\/li><li><strong>Krebsvorsorge und -nachsorge<\/strong><\/li><li><strong>Wechseljahresberatung <\/strong>\u2013 individuelle Hormontherapie und alternative M\u00f6glichkeiten<\/li><li><strong>Diagnostik und Behandlung von Infektionen<\/strong> (z.\u202fB. Pilze, Bakterien, HPV)<\/li><li><strong>Impfberatung <\/strong>(z.\u202fB. HPV-Impfung, Grippe, etc.)<\/li><li><strong>Kinderwunschberatung<\/strong><\/li><li><strong>Diagnose und Therapie hormoneller St\u00f6rungen<\/strong><\/li><li><strong>Beratung bei Menstruationsbeschwerden, Endometriose oder PCOS<\/strong><\/li><li><strong>Brustdiagnostik <\/strong>(z.\u202fB. Tastuntersuchung, Ultraschall)<\/li><li><strong>Immunologischer Stuhltest<\/strong><\/li><li><strong>Blasenkrebstest <\/strong>\u2013 zur Fr\u00fcherkennung von Harnblasenkrebs bei Risikopatientinnen (z.\u202fB. bei chronischen Harnwegsinfekten, Blut im Urin oder famili\u00e4rer Vorbelastung)<\/li><\/ul>\t\t\t\t\t\t\t\t<\/div>\n\t\t\t\t<\/div>\n\t\t\t\t<div class=\"elementor-element elementor-element-85e50c9 elementor-widget elementor-widget-spacer\" data-id=\"85e50c9\" data-element_type=\"widget\" data-e-type=\"widget\" data-widget_type=\"spacer.default\">\n\t\t\t\t<div class=\"elementor-widget-container\">\n\t\t\t\t\t\t\t<div class=\"elementor-spacer\">\n\t\t\t<div class=\"elementor-spacer-inner\"><\/div>\n\t\t<\/div>\n\t\t\t\t\t\t<\/div>\n\t\t\t\t<\/div>\n\t\t\t\t<div class=\"elementor-element elementor-element-8794773 elementor-widget elementor-widget-text-editor\" data-id=\"8794773\" data-element_type=\"widget\" data-e-type=\"widget\" data-widget_type=\"text-editor.default\">\n\t\t\t\t<div class=\"elementor-widget-container\">\n\t\t\t\t\t\t\t\t\t<h3>Ganzheitliche Begleitung in den Wechseljahren<\/h3><p><strong>Hormonersatztherapie, Neuraltherapie, Ern\u00e4hrungsberatung &amp; Naturheilverfahren<\/strong><br \/>Die Wechseljahre sind eine ganz nat\u00fcrliche Phase im Leben jeder Frau \u2013 aber auch eine Zeit der Ver\u00e4nderung, in der K\u00f6rper und Seele aus dem Gleichgewicht geraten k\u00f6nnen. Hitzewallungen, Schlafst\u00f6rungen, Stimmungsschwankungen, Gewichtszunahme oder Ersch\u00f6pfung z\u00e4hlen zu den h\u00e4ufigsten Beschwerden.<\/p><p>In unserer Praxis bieten wir Ihnen eine <strong>ganzheitliche Begleitung<\/strong> durch die Wechseljahre \u2013 individuell auf Sie abgestimmt und medizinisch fundiert. Unser Konzept verbindet <strong>moderne Hormonersatztherapie (HRT)<\/strong> mit <strong>sanften regulativen Verfahren<\/strong> wie der <strong>Neuraltherapie<\/strong> sowie einer gezielten <strong>Ern\u00e4hrungsberatung<\/strong>, um Ihr Wohlbefinden auf allen Ebenen zu st\u00e4rken.<\/p><p>Die <strong>Hormonersatztherapie (HRT)<\/strong> kann helfen, hormonelle Defizite gezielt auszugleichen. Durch die kontrollierte Gabe von \u00d6strogenen und, bei Bedarf, Gestagenen lassen sich typische Beschwerden wie Hitzewallungen, n\u00e4chtliches Schwitzen, Schlaflosigkeit, Stimmungstiefs oder vaginale Trockenheit deutlich lindern. Auch ein Schutz vor Knochenschwund (Osteoporose) kann damit erreicht werden. Wir beraten Sie ausf\u00fchrlich zu den verschiedenen Therapieformen \u2013 ob Tablette, Pflaster oder Gel \u2013 und passen die Behandlung ganz individuell an Ihre Bed\u00fcrfnisse und gesundheitliche Situation an.<\/p><p>Als erg\u00e4nzende oder alternative Methode kann die <strong>Neuraltherapie nach Huneke<\/strong> zum Einsatz kommen. Sie basiert auf der gezielten Injektion eines Lokalan\u00e4sthetikums wie Procain in bestimmte K\u00f6rperzonen, um das vegetative Nervensystem zu regulieren, chronische Spannungszust\u00e4nde zu l\u00f6sen und Selbstheilungsprozesse anzuregen. Besonders hilfreich ist diese Therapie bei Beschwerden wie innerer Unruhe, Schlafst\u00f6rungen, Kopfschmerzen, Gelenk- oder R\u00fcckenschmerzen, die in den Wechseljahren h\u00e4ufiger auftreten k\u00f6nnen. Die Behandlung ist in der Regel sehr gut vertr\u00e4glich und wird individuell abgestimmt.<\/p><p>Ein weiterer wichtiger Baustein ist die <strong>Ern\u00e4hrungsberatung<\/strong>, denn mit der richtigen Ern\u00e4hrung lassen sich viele Wechseljahresbeschwerden positiv beeinflussen. In pers\u00f6nlichen Gespr\u00e4chen analysieren wir gemeinsam Ihre aktuellen Essgewohnheiten und erarbeiten einen alltagstauglichen, n\u00e4hrstoffreichen Ern\u00e4hrungsplan. Dabei legen wir besonderen Wert auf eine ausreichende Versorgung mit Kalzium und Vitamin D zur St\u00e4rkung der Knochen, auf pflanzliche Phyto\u00f6strogene aus Lebensmitteln wie Soja oder Leinsamen zur Unterst\u00fctzung des hormonellen Gleichgewichts sowie auf Omega-3-Fetts\u00e4uren zur Entz\u00fcndungsregulation. Gleichzeitig achten wir darauf, Zucker, Alkohol und stark verarbeitete Lebensmittel zu reduzieren, um Schwankungen im Blutzucker zu vermeiden und das allgemeine Wohlbefinden zu steigern.<\/p><h3>Ihr Weg zu mehr Lebensqualit\u00e4t<\/h3><p>Ob klassische Hormontherapie, alternative Behandlung oder Ern\u00e4hrung als Schl\u00fcssel zur Balance \u2013 bei uns stehen Sie als ganze Frau im Mittelpunkt. In einem ausf\u00fchrlichen Beratungsgespr\u00e4ch finden wir gemeinsam den f\u00fcr Sie besten Weg, Ihre Wechseljahre <strong>gesund<\/strong>, <strong>gest\u00e4rkt<\/strong> und <strong>selbstbestimmt<\/strong> zu erleben.<\/p>\t\t\t\t\t\t\t\t<\/div>\n\t\t\t\t<\/div>\n\t\t\t\t\t<\/div>\n\t\t\t\t<\/div>\n\t\t<div class=\"elementor-element elementor-element-ad1b9a3 e-flex e-con-boxed e-con e-parent\" data-id=\"ad1b9a3\" data-element_type=\"container\" data-e-type=\"container\">\n\t\t\t\t\t<div class=\"e-con-inner\">\n\t\t\t\t<div class=\"elementor-element elementor-element-26b9e22 elementor-widget elementor-widget-button\" data-id=\"26b9e22\" data-element_type=\"widget\" data-e-type=\"widget\" data-widget_type=\"button.default\">\n\t\t\t\t<div class=\"elementor-widget-container\">\n\t\t\t\t\t\t\t\t\t<div class=\"elementor-button-wrapper\">\n\t\t\t\t\t<a class=\"elementor-button elementor-button-link elementor-size-sm\" href=\"https:\/\/www.gynaekologie-golzheim.de\/index.php\/leistungen\/\">\n\t\t\t\t\t\t<span class=\"elementor-button-content-wrapper\">\n\t\t\t\t\t\t<span class=\"elementor-button-icon\">\n\t\t\t\t<svg aria-hidden=\"true\" class=\"e-font-icon-svg e-fas-arrow-left\" viewBox=\"0 0 448 512\" xmlns=\"http:\/\/www.w3.org\/2000\/svg\"><path d=\"M257.5 445.1l-22.2 22.2c-9.4 9.4-24.6 9.4-33.9 0L7 273c-9.4-9.4-9.4-24.6 0-33.9L201.4 44.7c9.4-9.4 24.6-9.4 33.9 0l22.2 22.2c9.5 9.5 9.3 25-.4 34.3L136.6 216H424c13.3 0 24 10.7 24 24v32c0 13.3-10.7 24-24 24H136.6l120.5 114.8c9.8 9.3 10 24.8.4 34.3z\"><\/path><\/svg>\t\t\t<\/span>\n\t\t\t\t\t\t\t\t\t<span class=\"elementor-button-text\">Alle Leistungen<\/span>\n\t\t\t\t\t<\/span>\n\t\t\t\t\t<\/a>\n\t\t\t\t<\/div>\n\t\t\t\t\t\t\t\t<\/div>\n\t\t\t\t<\/div>\n\t\t\t\t<div class=\"elementor-element elementor-element-e4fad4d elementor-widget elementor-widget-spacer\" data-id=\"e4fad4d\" data-element_type=\"widget\" data-e-type=\"widget\" data-widget_type=\"spacer.default\">\n\t\t\t\t<div class=\"elementor-widget-container\">\n\t\t\t\t\t\t\t<div class=\"elementor-spacer\">\n\t\t\t<div class=\"elementor-spacer-inner\"><\/div>\n\t\t<\/div>\n\t\t\t\t\t\t<\/div>\n\t\t\t\t<\/div>\n\t\t\t\t\t<\/div>\n\t\t\t\t<\/div>\n\t\t\t\t<\/div>\n\t\t","protected":false},"excerpt":{"rendered":"<p>AB 23.10.2025 F\u00dcR SIE IN UNSERER NEUEN GEMEINSCHAFTSPRAXIS\u00a0IN D\u00dcSSELDORF GOLZHEIM! NEURALTHERAPIE&nbsp; &nbsp; &nbsp; FRAUENGESUNDHEIT&nbsp; &nbsp; &nbsp;MEDIKAMENT\u00d6SE TUMORTHERAPIE&nbsp; &nbsp; &nbsp;SCHWANGERENBETREUUNG&nbsp; &nbsp; [&hellip;]<\/p>\n","protected":false},"author":1,"featured_media":0,"parent":0,"menu_order":0,"comment_status":"closed","ping_status":"closed","template":"","meta":{"site-sidebar-layout":"no-sidebar","site-content-layout":"","ast-site-content-layout":"full-width-container","site-content-style":"default","site-sidebar-style":"default","ast-global-header-display":"","ast-banner-title-visibility":"","ast-main-header-display":"","ast-hfb-above-header-display":"","ast-hfb-below-header-display":"","ast-hfb-mobile-header-display":"","site-post-title":"disabled","ast-breadcrumbs-content":"","ast-featured-img":"disabled","footer-sml-layout":"","ast-disable-related-posts":"","theme-transparent-header-meta":"","adv-header-id-meta":"","stick-header-meta":"","header-above-stick-meta":"","header-main-stick-meta":"","header-below-stick-meta":"","astra-migrate-meta-layouts":"default","ast-page-background-enabled":"default","ast-page-background-meta":{"desktop":{"background-color":"var(--ast-global-color-5)","background-image":"","background-repeat":"repeat","background-position":"center center","background-size":"auto","background-attachment":"scroll","background-type":"","background-media":"","overlay-type":"","overlay-color":"","overlay-opacity":"","overlay-gradient":""},"tablet":{"background-color":"","background-image":"","background-repeat":"repeat","background-position":"center center","background-size":"auto","background-attachment":"scroll","background-type":"","background-media":"","overlay-type":"","overlay-color":"","overlay-opacity":"","overlay-gradient":""},"mobile":{"background-color":"","background-image":"","background-repeat":"repeat","background-position":"center center","background-size":"auto","background-attachment":"scroll","background-type":"","background-media":"","overlay-type":"","overlay-color":"","overlay-opacity":"","overlay-gradient":""}},"ast-content-background-meta":{"desktop":{"background-color":"var(--ast-global-color-4)","background-image":"","background-repeat":"repeat","background-position":"center center","background-size":"auto","background-attachment":"scroll","background-type":"","background-media":"","overlay-type":"","overlay-color":"","overlay-opacity":"","overlay-gradient":""},"tablet":{"background-color":"var(--ast-global-color-4)","background-image":"","background-repeat":"repeat","background-position":"center center","background-size":"auto","background-attachment":"scroll","background-type":"","background-media":"","overlay-type":"","overlay-color":"","overlay-opacity":"","overlay-gradient":""},"mobile":{"background-color":"var(--ast-global-color-4)","background-image":"","background-repeat":"repeat","background-position":"center center","background-size":"auto","background-attachment":"scroll","background-type":"","background-media":"","overlay-type":"","overlay-color":"","overlay-opacity":"","overlay-gradient":""}},"footnotes":""},"class_list":["post-832","page","type-page","status-publish","hentry"],"_links":{"self":[{"href":"https:\/\/www.gynaekologie-golzheim.de\/index.php\/wp-json\/wp\/v2\/pages\/832","targetHints":{"allow":["GET"]}}],"collection":[{"href":"https:\/\/www.gynaekologie-golzheim.de\/index.php\/wp-json\/wp\/v2\/pages"}],"about":[{"href":"https:\/\/www.gynaekologie-golzheim.de\/index.php\/wp-json\/wp\/v2\/types\/page"}],"author":[{"embeddable":true,"href":"https:\/\/www.gynaekologie-golzheim.de\/index.php\/wp-json\/wp\/v2\/users\/1"}],"replies":[{"embeddable":true,"href":"https:\/\/www.gynaekologie-golzheim.de\/index.php\/wp-json\/wp\/v2\/comments?post=832"}],"version-history":[{"count":28,"href":"https:\/\/www.gynaekologie-golzheim.de\/index.php\/wp-json\/wp\/v2\/pages\/832\/revisions"}],"predecessor-version":[{"id":934,"href":"https:\/\/www.gynaekologie-golzheim.de\/index.php\/wp-json\/wp\/v2\/pages\/832\/revisions\/934"}],"wp:attachment":[{"href":"https:\/\/www.gynaekologie-golzheim.de\/index.php\/wp-json\/wp\/v2\/media?parent=832"}],"curies":[{"name":"wp","href":"https:\/\/api.w.org\/{rel}","templated":true}]}}